{"id":8158,"date":"2025-05-12T14:26:20","date_gmt":"2025-05-12T12:26:20","guid":{"rendered":"https:\/\/perna.amenity.cz\/?page_id=8158"},"modified":"2026-04-16T16:33:47","modified_gmt":"2026-04-16T14:33:47","slug":"check-in-information","status":"publish","type":"page","link":"https:\/\/perna.amenity.cz\/en\/check-in-information\/","title":{"rendered":"Check-in Information"},"content":{"rendered":"<div class=\"wpb-content-wrapper\"><p>[vc_row full_width=&#8221;stretch_row&#8221;][vc_column][\/vc_column][\/vc_row][vc_row full_width=&#8221;stretch_row_content_no_spaces&#8221;][vc_column width=&#8221;1\/6&#8243;][\/vc_column][vc_column width=&#8221;4\/6&#8243;]<div  class=\"empty-space  marg-lg-b25 marg-xs-b50\"><\/div>[vc_separator color=&#8221;custom&#8221; border_width=&#8221;2&#8243; el_width=&#8221;50&#8243; accent_color=&#8221;#7f5b23&#8243;]<div class=\"text-block \" ><div class=\"simple-text \"><p style=\"text-align: center;\"><strong>Summary of important information for guests<\/strong><\/p>\n<h1 style=\"text-align: center;\">Basic information about accommodation and services<\/h1>\n<\/div><\/div><div class=\"text-block \" ><div class=\"simple-text \"><p style=\"text-align: center;\">We have prepared an overview of the most important information to make your stay at Amenity Apartments Pern\u00e1 as pleasant as possible.<\/p>\n<\/div><\/div>[vc_separator color=&#8221;custom&#8221; border_width=&#8221;2&#8243; el_width=&#8221;50&#8243; accent_color=&#8221;#7f5b23&#8243;]<div  class=\"empty-space  marg-lg-b25 marg-xs-b50\"><\/div><div class=\" ubtn-ctn-center \"><a class=\"ubtn-link ult-adjust-bottom-margin ubtn-center ubtn-normal \" href=\"https:\/\/perna.amenity.cz\/en\/faq\/\" title=\"FAQ\" ><button type=\"button\" id=\"ubtn-6973\"  class=\"ubtn ult-adjust-bottom-margin ult-responsive ubtn-normal ubtn-no-hover-bg  ulta-grow  ubtn-center   tooltip-69f43515cc51d\"  data-hover=\"\" data-border-color=\"#7f5b23\" data-bg=\"\" data-hover-bg=\"\" data-border-hover=\"\" data-shadow-hover=\"\" data-shadow-click=\"none\" data-shadow=\"\" data-shd-shadow=\"\"  data-ultimate-target='#ubtn-6973'  data-responsive-json-new='{\"font-size\":\"\",\"line-height\":\"\"}'  style=\"font-weight:normal;border-radius:3px;border-width:1px;border-color:#7f5b23;border-style:solid;color: #7f5b23;\"><span class=\"ubtn-hover\" style=\"background-color:\"><\/span><span class=\"ubtn-data ubtn-text \" >FAQ - Answers to our guests&#039; most frequently asked questions<\/span><\/button><\/a><\/div>[\/vc_column][vc_column width=&#8221;1\/6&#8243;][\/vc_column][\/vc_row][vc_row full_width=&#8221;stretch_row_content_no_spaces&#8221; gap=&#8221;25&#8243; bg_type=&#8221;bg_color&#8221; css=&#8221;.vc_custom_1711032757104{background-color: #293635 !important;}&#8221; bg_color_value=&#8221;#293635&#8243;][vc_column width=&#8221;1\/4&#8243;][\/vc_column][vc_column width=&#8221;1\/4&#8243;]<div  class=\"empty-space  marg-lg-b25 marg-xs-b50\"><\/div>[vc_separator color=&#8221;custom&#8221; border_width=&#8221;2&#8243; el_width=&#8221;50&#8243; accent_color=&#8221;#7f5b23&#8243;]<div  class=\"empty-space  marg-lg-b10 marg-xs-b50\"><\/div><div class=\"text-block \" ><div class=\"simple-text \"><h3 style=\"text-align: center;\"><span style=\"color: #ffffff;\">BASIC INFORMATION<\/span><\/h3>\n<p style=\"text-align: center;\"><span style=\"color: #ffffff;\"><strong>Breakfast<\/strong><\/span><\/p>\n<p style=\"text-align: center;\"><span style=\"color: #ffffff;\">7:30\u20139:30<\/span><\/p>\n<p style=\"text-align: center;\"><span style=\"color: #ffffff;\"><strong>Reception<\/strong><\/span><\/p>\n<p style=\"text-align: center;\"><span style=\"color: #ffffff;\">8:00\u201311:00 and by phone: (+420) 771 269 344<\/span><\/p>\n<p style=\"text-align: center;\"><span style=\"color: #ffffff;\">E: <a style=\"color: #ffffff;\" href=\"mailto:perna@amenity.cz\">perna@amenity.cz<\/a><\/span><\/p>\n<p style=\"text-align: center;\"><span style=\"color: #ffffff;\"><strong>Check-in<\/strong><\/span><\/p>\n<p style=\"text-align: center;\"><span style=\"color: #ffffff;\">from 3:00 p.m.<\/span><\/p>\n<p style=\"text-align: center;\"><span style=\"color: #ffffff;\"><strong>Check-out<\/strong><\/span><\/p>\n<p style=\"text-align: center;\"><span style=\"color: #ffffff;\">by 10:00<\/span><\/p>\n<p style=\"text-align: center;\"><span style=\"color: #ffffff;\">Please return the key to the key box upon departure.<\/span><\/p>\n<p style=\"text-align: center;\"><span style=\"color: #ffffff;\"><strong>Pet fee<\/strong><\/span><\/p>\n<p style=\"text-align: center;\"><span style=\"color: #ffffff;\"><u>500 CZK\/1 night<\/u><\/span><\/p>\n<p style=\"text-align: center;\"><span style=\"color: #ffffff;\">We recommend asking the reception desk in advance about the availability of rooms for pets. Please indicate the number of pets in the special requirements section of your reservation. Payment upon arrival at the reception desk.<\/span><\/p>\n<\/div><\/div><div  class=\"empty-space  marg-lg-b25 marg-xs-b50\"><\/div>[\/vc_column][vc_column width=&#8221;1\/4&#8243;]<div  class=\"empty-space  marg-lg-b25 marg-xs-b50\"><\/div>[vc_separator color=&#8221;custom&#8221; border_width=&#8221;2&#8243; el_width=&#8221;50&#8243; accent_color=&#8221;#7f5b23&#8243;]<div  class=\"empty-space  marg-lg-b10 marg-xs-b50\"><\/div><div class=\"text-block \" ><div class=\"simple-text \"><h3 style=\"text-align: center;\"><span style=\"color: #ffffff;\">SERVICES AND ACTIVITIES<\/span><\/h3>\n<p style=\"text-align: center;\"><span style=\"color: #ffffff;\"><strong>Guests of Amenity Apartments Pern\u00e1 receive a 10% discount on Adventure Golf P\u00e1lava at Amenity Penzion Horn\u00ed V\u011bstonice.<\/strong><\/span><\/p>\n<p style=\"text-align: center;\"><span style=\"color: #ffffff;\">Self-service wine cellar<\/span><\/p>\n<p style=\"text-align: center;\"><span style=\"color: #ffffff;\">Electric bike rental<\/span><\/p>\n<p style=\"text-align: center;\"><span style=\"color: #ffffff;\">Common areas<\/span><\/p>\n<p style=\"text-align: center;\"><span style=\"color: #ffffff;\">Barbecue rental<\/span><\/p>\n<p style=\"text-align: center;\"><span style=\"color: #ffffff;\"><strong>Non-smoking room<\/strong><\/span><\/p>\n<p style=\"text-align: center;\"><span style=\"color: #ffffff;\">Dear guests, Amenity Apartments Pern\u00e1 are strictly non-smoking. Violation of this rule will result in a charge of CZK 5,000 for endangering fire safety and deep cleaning of the room.<\/span><\/p>\n<p style=\"text-align: center;\"><span style=\"color: #ffffff;\"><strong>Operator<\/strong><\/span><\/p>\n<p style=\"text-align: center;\"><span style=\"color: #ffffff;\">Amenity Resorts s.r.o.<\/span><\/p>\n<p style=\"text-align: center;\"><span style=\"color: #ffffff;\">Ratajova 1113\/8<\/span><\/p>\n<p style=\"text-align: center;\"><span style=\"color: #ffffff;\">Prague 4 &#8211; Kunratice, 148 00<\/span><\/p>\n<\/div><\/div><div  class=\"empty-space  marg-lg-b25 marg-xs-b50\"><\/div>[\/vc_column][vc_column width=&#8221;1\/4&#8243;][\/vc_column][\/vc_row][vc_row full_width=&#8221;stretch_row_content_no_spaces&#8221;][vc_column][\/vc_column][\/vc_row][vc_row full_width=&#8221;stretch_row_content_no_spaces&#8221;][vc_column width=&#8221;1\/6&#8243;][\/vc_column][vc_column width=&#8221;4\/6&#8243;]<div  class=\"empty-space  marg-lg-b25 marg-xs-b50\"><\/div><div class=\"text-block \" ><div class=\"simple-text \"><h3 style=\"text-align: center;\">We wish you a pleasant stay<\/h3>\n<\/div><\/div><div  class=\"empty-space  marg-lg-b25 marg-xs-b50\"><\/div>[\/vc_column][vc_column width=&#8221;1\/6&#8243;][\/vc_column][\/vc_row][vc_row full_width=&#8221;stretch_row_content_no_spaces&#8221; bg_type=&#8221;bg_color&#8221; css=&#8221;.vc_custom_1710423600487{background-color: #293635 !important;}&#8221; bg_color_value=&#8221;#293635&#8243;][vc_column][vc_raw_js]JTNDc2NyaXB0JTNFJTBBJTIwJTIwJTIwJTIwJTIwJTIwJTIwJTIwJTI4ZnVuY3Rpb24lMjAlMjh3JTJDZCUyQ3MlMkNvJTJDZiUyQ2pzJTJDZmpzJTI5JTIwJTdCJTBBJTIwJTIwJTIwJTIwJTIwJTIwJTIwJTIwJTIwJTIwJTIwJTIwdyU1QiUyN2VjbS13aWRnZXQlMjclNUQlM0RvJTNCdyU1Qm8lNUQlMjAlM0QlMjB3JTVCbyU1RCUyMCU3QyU3QyUyMGZ1bmN0aW9uJTIwJTI4JTI5JTIwJTdCJTIwJTI4dyU1Qm8lNUQucSUyMCUzRCUyMHclNUJvJTVELnElMjAlN0MlN0MlMjAlNUIlNUQlMjkucHVzaCUyOGFyZ3VtZW50cyUyOSUyMCU3RCUzQiUwQSUyMCUyMCUyMCUyMCUyMCUyMCUyMCUyMCUyMCUyMCUyMCUyMGpzJTIwJTNEJTIwZC5jcmVhdGVFbGVtZW50JTI4cyUyOSUyQyUyMGZqcyUyMCUzRCUyMGQuZ2V0RWxlbWVudHNCeVRhZ05hbWUlMjhzJTI5JTVCMCU1RCUzQiUwQSUyMCUyMCUyMCUyMCUyMCUyMCUyMCUyMCUyMCUyMCUyMCUyMGpzLmlkJTIwJTNEJTIwJTI3NDQtMzRiNTBmN2RkMTBlZWVhYjZlMGI2Y2VjNDFiZWE3ZTQlMjclM0IlMjBqcy5kYXRhc2V0LmElMjAlM0QlMjAlMjdhbWVuaXR5cmVzb3J0cyUyNyUzQiUyMGpzLnNyYyUyMCUzRCUyMGYlM0IlMjBqcy5hc3luYyUyMCUzRCUyMDElM0IlMjBmanMucGFyZW50Tm9kZS5pbnNlcnRCZWZvcmUlMjhqcyUyQyUyMGZqcyUyOSUzQiUwQSUyMCUyMCUyMCUyMCUyMCUyMCUyMCUyMCU3RCUyOHdpbmRvdyUyQyUyMGRvY3VtZW50JTJDJTIwJTI3c2NyaXB0JTI3JTJDJTIwJTI3ZWNtd2lkZ2V0JTI3JTJDJTIwJTI3aHR0cHMlM0ElMkYlMkZkNzBzaGw3dmlkdGZ0LmNsb3VkZnJvbnQubmV0JTJGd2lkZ2V0LmpzJTI3JTI5JTI5JTNCJTBBJTIwJTIwJTIwJTIwJTNDJTJGc2NyaXB0JTNFJTBBJTIwJTIwJTIwJTIwJTIwJTIwJTIwJTIwJTIwJTIwJTIwJTIwJTNDZGl2JTIwaWQlM0QlMjJmLTQ0LTM0YjUwZjdkZDEwZWVlYWI2ZTBiNmNlYzQxYmVhN2U0JTIyJTNFJTNDJTJGZGl2JTNF[\/vc_raw_js][\/vc_column][\/vc_row]<\/p>\n<\/div>","protected":false},"excerpt":{"rendered":"<p>[vc_row full_width=&#8221;stretch_row&#8221;][vc_column][\/vc_column][\/vc_row][vc_row full_width=&#8221;stretch_row_content_no_spaces&#8221;][vc_column width=&#8221;1\/6&#8243;][\/vc_column][vc_column width=&#8221;4\/6&#8243;][vc_separator color=&#8221;custom&#8221; border_width=&#8221;2&#8243; el_width=&#8221;50&#8243; accent_color=&#8221;#7f5b23&#8243;][vc_separator color=&#8221;custom&#8221; border_width=&#8221;2&#8243; el_width=&#8221;50&#8243; accent_color=&#8221;#7f5b23&#8243;][\/vc_column][vc_column width=&#8221;1\/6&#8243;][\/vc_column][\/vc_row][vc_row full_width=&#8221;stretch_row_content_no_spaces&#8221; gap=&#8221;25&#8243; bg_type=&#8221;bg_color&#8221; css=&#8221;.vc_custom_1711032757104{background-color: #293635 !important;}&#8221; bg_color_value=&#8221;#293635&#8243;][vc_column width=&#8221;1\/4&#8243;][\/vc_column][vc_column width=&#8221;1\/4&#8243;][vc_separator color=&#8221;custom&#8221; border_width=&#8221;2&#8243; el_width=&#8221;50&#8243; accent_color=&#8221;#7f5b23&#8243;][\/vc_column][vc_column width=&#8221;1\/4&#8243;][vc_separator color=&#8221;custom&#8221; border_width=&#8221;2&#8243;<\/p>\n","protected":false},"author":3,"featured_media":0,"parent":0,"menu_order":0,"comment_status":"closed","ping_status":"closed","template":"","meta":{"footnotes":""},"class_list":["post-8158","page","type-page","status-publish","hentry"],"yoast_head":"<!-- This site is optimized with the Yoast SEO Premium plugin v27.3 (Yoast SEO v27.3) - https:\/\/yoast.com\/product\/yoast-seo-premium-wordpress\/ -->\n<title>Check-in Information - Amenity Apartm\u00e1ny Pern\u00e1<\/title>\n<meta name=\"description\" content=\"We have prepared an overview of the most important information to make your stay at Amenity Apartments Pern\u00e1 as pleasant as possible.\" \/>\n<meta name=\"robots\" content=\"index, follow, max-snippet:-1, max-image-preview:large, max-video-preview:-1\" \/>\n<link rel=\"canonical\" href=\"https:\/\/perna.amenity.cz\/en\/check-in-information\/\" \/>\n<meta property=\"og:locale\" content=\"en_US\" \/>\n<meta property=\"og:type\" content=\"article\" \/>\n<meta property=\"og:title\" content=\"Check-in Information\" \/>\n<meta property=\"og:description\" content=\"We have prepared an overview of the most important information to make your stay at Amenity Apartments Pern\u00e1 as pleasant as possible.\" \/>\n<meta property=\"og:url\" content=\"https:\/\/perna.amenity.cz\/en\/check-in-information\/\" \/>\n<meta property=\"og:site_name\" content=\"Amenity Apartm\u00e1ny Pern\u00e1\" \/>\n<meta property=\"article:modified_time\" content=\"2026-04-16T14:33:47+00:00\" \/>\n<meta name=\"twitter:card\" content=\"summary_large_image\" \/>\n<meta name=\"twitter:label1\" content=\"Est. reading time\" \/>\n\t<meta name=\"twitter:data1\" content=\"2 minutes\" \/>\n<script type=\"application\/ld+json\" class=\"yoast-schema-graph\">{\"@context\":\"https:\\\/\\\/schema.org\",\"@graph\":[{\"@type\":\"WebPage\",\"@id\":\"https:\\\/\\\/perna.amenity.cz\\\/en\\\/check-in-information\\\/\",\"url\":\"https:\\\/\\\/perna.amenity.cz\\\/en\\\/check-in-information\\\/\",\"name\":\"Check-in Information - Amenity Apartm\u00e1ny Pern\u00e1\",\"isPartOf\":{\"@id\":\"https:\\\/\\\/perna.amenity.cz\\\/en\\\/#website\"},\"datePublished\":\"2025-05-12T12:26:20+00:00\",\"dateModified\":\"2026-04-16T14:33:47+00:00\",\"description\":\"We have prepared an overview of the most important information to make your stay at Amenity Apartments Pern\u00e1 as pleasant as possible.\",\"breadcrumb\":{\"@id\":\"https:\\\/\\\/perna.amenity.cz\\\/en\\\/check-in-information\\\/#breadcrumb\"},\"inLanguage\":\"en-US\",\"potentialAction\":[{\"@type\":\"ReadAction\",\"target\":[\"https:\\\/\\\/perna.amenity.cz\\\/en\\\/check-in-information\\\/\"]}]},{\"@type\":\"BreadcrumbList\",\"@id\":\"https:\\\/\\\/perna.amenity.cz\\\/en\\\/check-in-information\\\/#breadcrumb\",\"itemListElement\":[{\"@type\":\"ListItem\",\"position\":1,\"name\":\"Dom\u016f\",\"item\":\"https:\\\/\\\/perna.amenity.cz\\\/en\\\/\"},{\"@type\":\"ListItem\",\"position\":2,\"name\":\"Check-in Information\"}]},{\"@type\":\"WebSite\",\"@id\":\"https:\\\/\\\/perna.amenity.cz\\\/en\\\/#website\",\"url\":\"https:\\\/\\\/perna.amenity.cz\\\/en\\\/\",\"name\":\"Amenity Apartm\u00e1ny Pern\u00e1\",\"description\":\"Amenity Apartm\u00e1ny Pern\u00e1\",\"potentialAction\":[{\"@type\":\"SearchAction\",\"target\":{\"@type\":\"EntryPoint\",\"urlTemplate\":\"https:\\\/\\\/perna.amenity.cz\\\/en\\\/?s={search_term_string}\"},\"query-input\":{\"@type\":\"PropertyValueSpecification\",\"valueRequired\":true,\"valueName\":\"search_term_string\"}}],\"inLanguage\":\"en-US\"}]}<\/script>\n<!-- \/ Yoast SEO Premium plugin. -->","yoast_head_json":{"title":"Check-in Information - Amenity Apartm\u00e1ny Pern\u00e1","description":"We have prepared an overview of the most important information to make your stay at Amenity Apartments Pern\u00e1 as pleasant as possible.","robots":{"index":"index","follow":"follow","max-snippet":"max-snippet:-1","max-image-preview":"max-image-preview:large","max-video-preview":"max-video-preview:-1"},"canonical":"https:\/\/perna.amenity.cz\/en\/check-in-information\/","og_locale":"en_US","og_type":"article","og_title":"Check-in Information","og_description":"We have prepared an overview of the most important information to make your stay at Amenity Apartments Pern\u00e1 as pleasant as possible.","og_url":"https:\/\/perna.amenity.cz\/en\/check-in-information\/","og_site_name":"Amenity Apartm\u00e1ny Pern\u00e1","article_modified_time":"2026-04-16T14:33:47+00:00","twitter_card":"summary_large_image","twitter_misc":{"Est. reading time":"2 minutes"},"schema":{"@context":"https:\/\/schema.org","@graph":[{"@type":"WebPage","@id":"https:\/\/perna.amenity.cz\/en\/check-in-information\/","url":"https:\/\/perna.amenity.cz\/en\/check-in-information\/","name":"Check-in Information - Amenity Apartm\u00e1ny Pern\u00e1","isPartOf":{"@id":"https:\/\/perna.amenity.cz\/en\/#website"},"datePublished":"2025-05-12T12:26:20+00:00","dateModified":"2026-04-16T14:33:47+00:00","description":"We have prepared an overview of the most important information to make your stay at Amenity Apartments Pern\u00e1 as pleasant as possible.","breadcrumb":{"@id":"https:\/\/perna.amenity.cz\/en\/check-in-information\/#breadcrumb"},"inLanguage":"en-US","potentialAction":[{"@type":"ReadAction","target":["https:\/\/perna.amenity.cz\/en\/check-in-information\/"]}]},{"@type":"BreadcrumbList","@id":"https:\/\/perna.amenity.cz\/en\/check-in-information\/#breadcrumb","itemListElement":[{"@type":"ListItem","position":1,"name":"Dom\u016f","item":"https:\/\/perna.amenity.cz\/en\/"},{"@type":"ListItem","position":2,"name":"Check-in Information"}]},{"@type":"WebSite","@id":"https:\/\/perna.amenity.cz\/en\/#website","url":"https:\/\/perna.amenity.cz\/en\/","name":"Amenity Apartm\u00e1ny Pern\u00e1","description":"Amenity Apartm\u00e1ny Pern\u00e1","potentialAction":[{"@type":"SearchAction","target":{"@type":"EntryPoint","urlTemplate":"https:\/\/perna.amenity.cz\/en\/?s={search_term_string}"},"query-input":{"@type":"PropertyValueSpecification","valueRequired":true,"valueName":"search_term_string"}}],"inLanguage":"en-US"}]}},"_links":{"self":[{"href":"https:\/\/perna.amenity.cz\/en\/wp-json\/wp\/v2\/pages\/8158","targetHints":{"allow":["GET"]}}],"collection":[{"href":"https:\/\/perna.amenity.cz\/en\/wp-json\/wp\/v2\/pages"}],"about":[{"href":"https:\/\/perna.amenity.cz\/en\/wp-json\/wp\/v2\/types\/page"}],"author":[{"embeddable":true,"href":"https:\/\/perna.amenity.cz\/en\/wp-json\/wp\/v2\/users\/3"}],"replies":[{"embeddable":true,"href":"https:\/\/perna.amenity.cz\/en\/wp-json\/wp\/v2\/comments?post=8158"}],"version-history":[{"count":5,"href":"https:\/\/perna.amenity.cz\/en\/wp-json\/wp\/v2\/pages\/8158\/revisions"}],"predecessor-version":[{"id":8842,"href":"https:\/\/perna.amenity.cz\/en\/wp-json\/wp\/v2\/pages\/8158\/revisions\/8842"}],"wp:attachment":[{"href":"https:\/\/perna.amenity.cz\/en\/wp-json\/wp\/v2\/media?parent=8158"}],"curies":[{"name":"wp","href":"https:\/\/api.w.org\/{rel}","templated":true}]}}